{"id":763,"date":"2023-03-29T15:44:59","date_gmt":"2023-03-29T15:44:59","guid":{"rendered":"https:\/\/shop.marmotte.ch\/allgemeine-geschaeftsbedingungen-agb\/"},"modified":"2023-08-15T16:32:24","modified_gmt":"2023-08-15T16:32:24","slug":"allgemeine-geschaeftsbedingungen-agb","status":"publish","type":"page","link":"https:\/\/shop.marmotte.ch\/de\/allgemeine-geschaeftsbedingungen-agb\/","title":{"rendered":"Allgemeine Gesch\u00e4ftsbedingungen (AGB)"},"content":{"rendered":"<style>.wp-block-kadence-advancedheading.kt-adv-heading10_02e94d-87, .wp-block-kadence-advancedheading.kt-adv-heading10_02e94d-87[data-kb-block=\"kb-adv-heading10_02e94d-87\"]{font-style:normal;}.wp-block-kadence-advancedheading.kt-adv-heading10_02e94d-87 mark.kt-highlight, .wp-block-kadence-advancedheading.kt-adv-heading10_02e94d-87[data-kb-block=\"kb-adv-heading10_02e94d-87\"] mark.kt-highlight{font-style:normal;color:#f76a0c;-webkit-box-decoration-break:clone;box-decoration-break:clone;padding-top:0px;padding-right:0px;padding-bottom:0px;padding-left:0px;}.wp-block-kadence-advancedheading.kt-adv-heading10_02e94d-87 img.kb-inline-image, .wp-block-kadence-advancedheading.kt-adv-heading10_02e94d-87[data-kb-block=\"kb-adv-heading10_02e94d-87\"] img.kb-inline-image{width:150px;vertical-align:baseline;}<\/style>\n<h1 class=\"kt-adv-heading10_02e94d-87 wp-block-kadence-advancedheading\" data-kb-block=\"kb-adv-heading10_02e94d-87\">Allgemeine Gesch\u00e4ftsbedingungen (AGB) f\u00fcr den Online-Shop der Brasserie la Marmotte SA<\/h1>\n<style>.wp-block-kadence-advancedheading.kt-adv-heading10_af2ea3-5a, .wp-block-kadence-advancedheading.kt-adv-heading10_af2ea3-5a[data-kb-block=\"kb-adv-heading10_af2ea3-5a\"]{font-style:normal;}.wp-block-kadence-advancedheading.kt-adv-heading10_af2ea3-5a mark.kt-highlight, .wp-block-kadence-advancedheading.kt-adv-heading10_af2ea3-5a[data-kb-block=\"kb-adv-heading10_af2ea3-5a\"] mark.kt-highlight{font-style:normal;color:#f76a0c;-webkit-box-decoration-break:clone;box-decoration-break:clone;padding-top:0px;padding-right:0px;padding-bottom:0px;padding-left:0px;}.wp-block-kadence-advancedheading.kt-adv-heading10_af2ea3-5a img.kb-inline-image, .wp-block-kadence-advancedheading.kt-adv-heading10_af2ea3-5a[data-kb-block=\"kb-adv-heading10_af2ea3-5a\"] img.kb-inline-image{width:150px;vertical-align:baseline;}<\/style>\n<h2 class=\"kt-adv-heading10_af2ea3-5a wp-block-kadence-advancedheading\" data-kb-block=\"kb-adv-heading10_af2ea3-5a\">G\u00fcltigkeit<\/h2>\n\n<p>Mit dem Absenden einer Bestellung erkl\u00e4rt sich der\/die Klient\/in ausdr\u00fccklich mit diesen AGB einverstanden.<\/p>\n\n<p><strong>Au\u00dferdem best\u00e4tigt der Kunde mit seiner Bestellung, dass er \u00fcber 16 Jahre alt ist.<\/strong><\/p>\n\n<p>Alle Bestellungen sind verbindlich. Die Lieferzeiten sind unverbindlich.  <br\/>Im Falle einer Lieferverz\u00f6gerung werden Sie per E-Mail informiert. Sie haben in diesem Fall die M\u00f6glichkeit, falls die Lieferung noch nicht versendet wurde, diese stornieren zu lassen.<\/p>\n<style>.wp-block-kadence-advancedheading.kt-adv-heading10_215986-bc, .wp-block-kadence-advancedheading.kt-adv-heading10_215986-bc[data-kb-block=\"kb-adv-heading10_215986-bc\"]{font-style:normal;}.wp-block-kadence-advancedheading.kt-adv-heading10_215986-bc mark.kt-highlight, .wp-block-kadence-advancedheading.kt-adv-heading10_215986-bc[data-kb-block=\"kb-adv-heading10_215986-bc\"] mark.kt-highlight{font-style:normal;color:#f76a0c;-webkit-box-decoration-break:clone;box-decoration-break:clone;padding-top:0px;padding-right:0px;padding-bottom:0px;padding-left:0px;}.wp-block-kadence-advancedheading.kt-adv-heading10_215986-bc img.kb-inline-image, .wp-block-kadence-advancedheading.kt-adv-heading10_215986-bc[data-kb-block=\"kb-adv-heading10_215986-bc\"] img.kb-inline-image{width:150px;vertical-align:baseline;}<\/style>\n<h2 class=\"kt-adv-heading10_215986-bc wp-block-kadence-advancedheading\" data-kb-block=\"kb-adv-heading10_215986-bc\">Pers\u00f6nliche Daten von registrierten Nutzern<\/h2>\n\n<p>Wenn der\/die Nutzer\/in ein Login erstellt, stimmt er\/sie zu, dass die angegebenen Informationen zu Werbe- und Marketingzwecken verwendet werden k\u00f6nnen. Die Daten werden nicht an Dritte weitergegeben und bleiben ausschlie\u00dflich f\u00fcr interne Zwecke der Brasserie la Marmotte SA reserviert.<\/p>\n<style>.wp-block-kadence-advancedheading.kt-adv-heading10_abd8eb-7b, .wp-block-kadence-advancedheading.kt-adv-heading10_abd8eb-7b[data-kb-block=\"kb-adv-heading10_abd8eb-7b\"]{font-style:normal;}.wp-block-kadence-advancedheading.kt-adv-heading10_abd8eb-7b mark.kt-highlight, .wp-block-kadence-advancedheading.kt-adv-heading10_abd8eb-7b[data-kb-block=\"kb-adv-heading10_abd8eb-7b\"] mark.kt-highlight{font-style:normal;color:#f76a0c;-webkit-box-decoration-break:clone;box-decoration-break:clone;padding-top:0px;padding-right:0px;padding-bottom:0px;padding-left:0px;}.wp-block-kadence-advancedheading.kt-adv-heading10_abd8eb-7b img.kb-inline-image, .wp-block-kadence-advancedheading.kt-adv-heading10_abd8eb-7b[data-kb-block=\"kb-adv-heading10_abd8eb-7b\"] img.kb-inline-image{width:150px;vertical-align:baseline;}<\/style>\n<h2 class=\"kt-adv-heading10_abd8eb-7b wp-block-kadence-advancedheading\" data-kb-block=\"kb-adv-heading10_abd8eb-7b\">Anwendbares Recht und zust\u00e4ndige Gerichtsbarkeit<\/h2>\n\n<p>Die Rechtsbeziehungen unterliegen dem Recht des Landes, in dem sich unser Hauptsitz befindet. Das zust\u00e4ndige Gericht ist das Gericht am Ort unseres Hauptsitzes.<\/p>\n","protected":false},"excerpt":{"rendered":"<p>Allgemeine Gesch\u00e4ftsbedingungen (AGB) f\u00fcr den Online-Shop der Brasserie la Marmotte SA G\u00fcltigkeit Mit dem Absenden einer Bestellung erkl\u00e4rt sich der\/die Klient\/in ausdr\u00fccklich mit diesen AGB einverstanden. Au\u00dferdem best\u00e4tigt der Kunde mit seiner Bestellung, dass er \u00fcber 16 Jahre alt ist. Alle Bestellungen sind verbindlich. Die Lieferzeiten sind unverbindlich. Im Falle einer Lieferverz\u00f6gerung werden Sie per&#8230;<\/p>\n","protected":false},"author":1,"featured_media":0,"parent":0,"menu_order":0,"comment_status":"closed","ping_status":"closed","template":"","meta":{"_acf_changed":false,"_kad_blocks_custom_css":"","_kad_blocks_head_custom_js":"","_kad_blocks_body_custom_js":"","_kad_blocks_footer_custom_js":"","_kad_post_transparent":"","_kad_post_title":"","_kad_post_layout":"","_kad_post_sidebar_id":"","_kad_post_content_style":"","_kad_post_vertical_padding":"","_kad_post_feature":"","_kad_post_feature_position":"","_kad_post_header":false,"_kad_post_footer":false,"footnotes":""},"class_list":["post-763","page","type-page","status-publish","hentry"],"acf":[],"taxonomy_info":[],"featured_image_src_large":false,"author_info":{"display_name":"admin","author_link":"https:\/\/shop.marmotte.ch\/de\/author\/marcelheinigergmail-com\/"},"comment_info":0,"_links":{"self":[{"href":"https:\/\/shop.marmotte.ch\/de\/wp-json\/wp\/v2\/pages\/763","targetHints":{"allow":["GET"]}}],"collection":[{"href":"https:\/\/shop.marmotte.ch\/de\/wp-json\/wp\/v2\/pages"}],"about":[{"href":"https:\/\/shop.marmotte.ch\/de\/wp-json\/wp\/v2\/types\/page"}],"author":[{"embeddable":true,"href":"https:\/\/shop.marmotte.ch\/de\/wp-json\/wp\/v2\/users\/1"}],"replies":[{"embeddable":true,"href":"https:\/\/shop.marmotte.ch\/de\/wp-json\/wp\/v2\/comments?post=763"}],"version-history":[{"count":3,"href":"https:\/\/shop.marmotte.ch\/de\/wp-json\/wp\/v2\/pages\/763\/revisions"}],"predecessor-version":[{"id":773,"href":"https:\/\/shop.marmotte.ch\/de\/wp-json\/wp\/v2\/pages\/763\/revisions\/773"}],"wp:attachment":[{"href":"https:\/\/shop.marmotte.ch\/de\/wp-json\/wp\/v2\/media?parent=763"}],"curies":[{"name":"wp","href":"https:\/\/api.w.org\/{rel}","templated":true}]}}