{"id":1260,"date":"2025-05-29T17:48:58","date_gmt":"2025-05-29T17:48:58","guid":{"rendered":"https:\/\/shop.marmotte.ch\/?post_type=product&#038;p=1260"},"modified":"2025-05-30T11:38:10","modified_gmt":"2025-05-30T11:38:10","slug":"der-kaffee-hallo-copie","status":"publish","type":"product","link":"https:\/\/shop.marmotte.ch\/de\/shop\/der-kaffee-hallo-copie\/","title":{"rendered":"Kapseln kompatibel Nespresso"},"content":{"rendered":"<p>Entdecken Sie unsere Choucas-Kaffees, die jetzt auch in Kapseln erh\u00e4ltlich sind, die mit Nespresso-Kaffeemaschinen kompatibel sind. Genie\u00dfen Sie die gleiche aussergew\u00f6hnliche Qualit\u00e4t und die einzigartigen Aromen, f\u00fcr die Choucas bekannt ist, mit der Einfachheit und Bequemlichkeit von Kapseln. Perfekt f\u00fcr Kaffeeliebhaber, die ein High-End-Erlebnis f\u00fcr zu Hause suchen.<\/p>\n","protected":false},"excerpt":{"rendered":"<p>Entdecken Sie unsere Choucas-Kaffees, die jetzt auch in Kapseln erh\u00e4ltlich sind, die mit Nespresso-Kaffeemaschinen kompatibel sind. Genie\u00dfen Sie die gleiche aussergew\u00f6hnliche Qualit\u00e4t und die einzigartigen Aromen, f\u00fcr die Choucas bekannt ist, mit der Einfachheit und Bequemlichkeit von Kapseln. Perfekt f\u00fcr Kaffeeliebhaber, die ein High-End-Erlebnis f\u00fcr zu Hause suchen.<\/p>\n","protected":false},"featured_media":1302,"template":"","meta":{"_acf_changed":false,"_kad_blocks_custom_css":"","_kad_blocks_head_custom_js":"","_kad_blocks_body_custom_js":"","_kad_blocks_footer_custom_js":"","_kad_post_transparent":"default","_kad_post_title":"","_kad_post_layout":"default","_kad_post_sidebar_id":"","_kad_post_content_style":"default","_kad_post_vertical_padding":"default","_kad_post_feature":"","_kad_post_feature_position":"","_kad_post_header":false,"_kad_post_footer":false},"relation":[77],"product_brand":[],"product_cat":[72],"product_tag":[66,73],"class_list":{"0":"post-1260","1":"product","2":"type-product","3":"status-publish","4":"has-post-thumbnail","6":"relation-cafe-choucas-de","7":"product_cat-cafe-choucas-de","8":"product_tag-aufgelistet","9":"product_tag-cafe-choucas-de","10":"product_shipping_class-capsules-de","12":"first","13":"instock","14":"shipping-taxable","15":"purchasable","16":"product-type-variable","17":"has-default-attributes","18":"entry","19":"content-bg","20":"loop-entry"},"acf":[],"taxonomy_info":{"relation":[{"value":77,"label":"Caf\u00e9 Choucas"}],"product_cat":[{"value":72,"label":"Caf\u00e9 Choucas"}],"product_tag":[{"value":66,"label":"aufgelistet"},{"value":73,"label":"Caf\u00e9 Choucas"}]},"featured_image_src_large":["https:\/\/shop.marmotte.ch\/wp-content\/uploads\/Cafe-choucas-capsules-1.webp",245,289,false],"author_info":[],"comment_info":"","_links":{"self":[{"href":"https:\/\/shop.marmotte.ch\/de\/wp-json\/wp\/v2\/product\/1260","targetHints":{"allow":["GET"]}}],"collection":[{"href":"https:\/\/shop.marmotte.ch\/de\/wp-json\/wp\/v2\/product"}],"about":[{"href":"https:\/\/shop.marmotte.ch\/de\/wp-json\/wp\/v2\/types\/product"}],"wp:featuredmedia":[{"embeddable":true,"href":"https:\/\/shop.marmotte.ch\/de\/wp-json\/wp\/v2\/media\/1302"}],"wp:attachment":[{"href":"https:\/\/shop.marmotte.ch\/de\/wp-json\/wp\/v2\/media?parent=1260"}],"wp:term":[{"taxonomy":"relation","embeddable":true,"href":"https:\/\/shop.marmotte.ch\/de\/wp-json\/wp\/v2\/relation?post=1260"},{"taxonomy":"product_brand","embeddable":true,"href":"https:\/\/shop.marmotte.ch\/de\/wp-json\/wp\/v2\/product_brand?post=1260"},{"taxonomy":"product_cat","embeddable":true,"href":"https:\/\/shop.marmotte.ch\/de\/wp-json\/wp\/v2\/product_cat?post=1260"},{"taxonomy":"product_tag","embeddable":true,"href":"https:\/\/shop.marmotte.ch\/de\/wp-json\/wp\/v2\/product_tag?post=1260"}],"curies":[{"name":"wp","href":"https:\/\/api.w.org\/{rel}","templated":true}]}}