{"id":781,"date":"2023-06-02T06:19:25","date_gmt":"2023-06-02T06:19:25","guid":{"rendered":"https:\/\/shop.marmotte.ch\/shop\/der-wahre-mann-6er-pack\/"},"modified":"2023-08-15T19:09:53","modified_gmt":"2023-08-15T19:09:53","slug":"das-wahre-mec-6er-pack","status":"publish","type":"product","link":"https:\/\/shop.marmotte.ch\/de\/shop\/das-wahre-mec-6er-pack\/","title":{"rendered":"Le Vrai Mec &#8211; 6er Packung"},"content":{"rendered":"<p>Das Vrai Mec ist der gro\u00dfe kr\u00e4ftige Bruder vom <a href=\"https:\/\/shop.marmotte.ch\/product\/la-blonde\/\">La Blonde<\/a>. Basierend auf seiner Rezeptur wird es st\u00e4rker zu einem s\u00fcsslichen und milden oberg\u00e4rigen Bockbier eingebraut.<\/p>\n","protected":false},"excerpt":{"rendered":"<p>Das Vrai Mec ist der gro\u00dfe kr\u00e4ftige Bruder vom La Blonde. Basierend auf seiner Rezeptur wird es st\u00e4rker zu einem s\u00fcsslichen und milden oberg\u00e4rigen Bockbier eingebraut.<\/p>\n","protected":false},"featured_media":701,"template":"","meta":{"_acf_changed":false,"_kad_blocks_custom_css":"","_kad_blocks_head_custom_js":"","_kad_blocks_body_custom_js":"","_kad_blocks_footer_custom_js":"","_kad_post_transparent":"","_kad_post_title":"","_kad_post_layout":"","_kad_post_sidebar_id":"","_kad_post_content_style":"","_kad_post_vertical_padding":"","_kad_post_feature":"","_kad_post_feature_position":"","_kad_post_header":false,"_kad_post_footer":false},"relation":[76],"product_brand":[],"product_cat":[62,61],"product_tag":[65,66],"class_list":{"0":"post-781","1":"product","2":"type-product","3":"status-publish","4":"has-post-thumbnail","6":"relation-la-marmotte-de","7":"product_cat-beerpack-de","8":"product_cat-das-murmeltier","9":"product_tag-6pack-de","10":"product_tag-aufgelistet","12":"first","13":"instock","14":"shipping-taxable","15":"purchasable","16":"product-type-simple","17":"entry","18":"content-bg","19":"loop-entry"},"acf":[],"taxonomy_info":{"relation":[{"value":76,"label":"La Marmotte"}],"product_cat":[{"value":62,"label":"BeerPack"},{"value":61,"label":"Das Murmeltier"}],"product_tag":[{"value":65,"label":"6pack"},{"value":66,"label":"aufgelistet"}]},"featured_image_src_large":["https:\/\/shop.marmotte.ch\/wp-content\/uploads\/Marmotte_Vrai_mec.webp",1016,1016,false],"author_info":[],"comment_info":"","_links":{"self":[{"href":"https:\/\/shop.marmotte.ch\/de\/wp-json\/wp\/v2\/product\/781","targetHints":{"allow":["GET"]}}],"collection":[{"href":"https:\/\/shop.marmotte.ch\/de\/wp-json\/wp\/v2\/product"}],"about":[{"href":"https:\/\/shop.marmotte.ch\/de\/wp-json\/wp\/v2\/types\/product"}],"wp:featuredmedia":[{"embeddable":true,"href":"https:\/\/shop.marmotte.ch\/de\/wp-json\/wp\/v2\/media\/701"}],"wp:attachment":[{"href":"https:\/\/shop.marmotte.ch\/de\/wp-json\/wp\/v2\/media?parent=781"}],"wp:term":[{"taxonomy":"relation","embeddable":true,"href":"https:\/\/shop.marmotte.ch\/de\/wp-json\/wp\/v2\/relation?post=781"},{"taxonomy":"product_brand","embeddable":true,"href":"https:\/\/shop.marmotte.ch\/de\/wp-json\/wp\/v2\/product_brand?post=781"},{"taxonomy":"product_cat","embeddable":true,"href":"https:\/\/shop.marmotte.ch\/de\/wp-json\/wp\/v2\/product_cat?post=781"},{"taxonomy":"product_tag","embeddable":true,"href":"https:\/\/shop.marmotte.ch\/de\/wp-json\/wp\/v2\/product_tag?post=781"}],"curies":[{"name":"wp","href":"https:\/\/api.w.org\/{rel}","templated":true}]}}