{"id":782,"date":"2023-03-27T17:56:58","date_gmt":"2023-03-27T17:56:58","guid":{"rendered":"https:\/\/shop.marmotte.ch\/shop\/der-wahre-mann\/"},"modified":"2023-08-15T18:57:49","modified_gmt":"2023-08-15T18:57:49","slug":"le-vrai-mec","status":"publish","type":"product","link":"https:\/\/shop.marmotte.ch\/de\/shop\/le-vrai-mec\/","title":{"rendered":"Le Vrai Mec"},"content":{"rendered":"<p>Das Vrai Mec ist der gro\u00dfe kr\u00e4ftige Bruder vom <a href=\"https:\/\/shop.marmotte.ch\/product\/la-blonde\/\">La Blonde<\/a>. Basierend auf seiner Rezeptur wird es st\u00e4rker zu einem s\u00fcsslichen und milden oberg\u00e4rigen Bockbier eingebraut.<\/p>\n","protected":false},"excerpt":{"rendered":"<p>Das Vrai Mec ist der gro\u00dfe kr\u00e4ftige Bruder vom La Blonde. Basierend auf seiner Rezeptur wird es st\u00e4rker zu einem s\u00fcsslichen und milden oberg\u00e4rigen Bockbier eingebraut.<\/p>\n","protected":false},"featured_media":701,"template":"","meta":{"_acf_changed":false,"_kad_blocks_custom_css":"","_kad_blocks_head_custom_js":"","_kad_blocks_body_custom_js":"","_kad_blocks_footer_custom_js":"","_kad_post_transparent":"","_kad_post_title":"","_kad_post_layout":"","_kad_post_sidebar_id":"","_kad_post_content_style":"","_kad_post_vertical_padding":"","_kad_post_feature":"","_kad_post_feature_position":"","_kad_post_header":false,"_kad_post_footer":false},"relation":[76],"product_brand":[],"product_cat":[60,61],"product_tag":[],"class_list":{"0":"post-782","1":"product","2":"type-product","3":"status-publish","4":"has-post-thumbnail","6":"relation-la-marmotte-de","7":"product_cat-beer-de","8":"product_cat-das-murmeltier","10":"first","11":"instock","12":"shipping-taxable","13":"purchasable","14":"product-type-simple","15":"entry","16":"content-bg","17":"loop-entry"},"acf":[],"taxonomy_info":{"relation":[{"value":76,"label":"La Marmotte"}],"product_cat":[{"value":60,"label":"Beer"},{"value":61,"label":"Das Murmeltier"}]},"featured_image_src_large":["https:\/\/shop.marmotte.ch\/wp-content\/uploads\/Marmotte_Vrai_mec.webp",1016,1016,false],"author_info":[],"comment_info":"","_links":{"self":[{"href":"https:\/\/shop.marmotte.ch\/de\/wp-json\/wp\/v2\/product\/782","targetHints":{"allow":["GET"]}}],"collection":[{"href":"https:\/\/shop.marmotte.ch\/de\/wp-json\/wp\/v2\/product"}],"about":[{"href":"https:\/\/shop.marmotte.ch\/de\/wp-json\/wp\/v2\/types\/product"}],"wp:featuredmedia":[{"embeddable":true,"href":"https:\/\/shop.marmotte.ch\/de\/wp-json\/wp\/v2\/media\/701"}],"wp:attachment":[{"href":"https:\/\/shop.marmotte.ch\/de\/wp-json\/wp\/v2\/media?parent=782"}],"wp:term":[{"taxonomy":"relation","embeddable":true,"href":"https:\/\/shop.marmotte.ch\/de\/wp-json\/wp\/v2\/relation?post=782"},{"taxonomy":"product_brand","embeddable":true,"href":"https:\/\/shop.marmotte.ch\/de\/wp-json\/wp\/v2\/product_brand?post=782"},{"taxonomy":"product_cat","embeddable":true,"href":"https:\/\/shop.marmotte.ch\/de\/wp-json\/wp\/v2\/product_cat?post=782"},{"taxonomy":"product_tag","embeddable":true,"href":"https:\/\/shop.marmotte.ch\/de\/wp-json\/wp\/v2\/product_tag?post=782"}],"curies":[{"name":"wp","href":"https:\/\/api.w.org\/{rel}","templated":true}]}}