{"id":795,"date":"2023-08-05T03:27:49","date_gmt":"2023-08-05T03:27:49","guid":{"rendered":"https:\/\/shop.marmotte.ch\/shop\/meister-esel-6er-pack\/"},"modified":"2023-08-15T19:13:12","modified_gmt":"2023-08-15T19:13:12","slug":"maitre-ane-paquet-de-6","status":"publish","type":"product","link":"https:\/\/shop.marmotte.ch\/de\/shop\/maitre-ane-paquet-de-6\/","title":{"rendered":"Ma\u00eetre \u00c2ne &#8211; 6er Packung"},"content":{"rendered":"<p>Dieser Cidre ist s\u00fc\u00dfer als der Classique. Ein bisschen wie ein Esel Erdbeeren und Limetten runden den Geschmack ab. Und die Farbe!<\/p>\n","protected":false},"excerpt":{"rendered":"<p>Dieser Cidre ist s\u00fc\u00dfer als der Classique. Ein bisschen wie ein Esel Erdbeeren und Limetten runden den Geschmack ab. Und die Farbe!<\/p>\n","protected":false},"featured_media":703,"template":"","meta":{"_acf_changed":false,"_kad_blocks_custom_css":"","_kad_blocks_head_custom_js":"","_kad_blocks_body_custom_js":"","_kad_blocks_footer_custom_js":"","_kad_post_transparent":"","_kad_post_title":"","_kad_post_layout":"","_kad_post_sidebar_id":"","_kad_post_content_style":"","_kad_post_vertical_padding":"","_kad_post_feature":"","_kad_post_feature_position":"","_kad_post_header":false,"_kad_post_footer":false},"relation":[83],"product_brand":[],"product_cat":[63,64],"product_tag":[65,66],"class_list":{"0":"post-795","1":"product","2":"type-product","3":"status-publish","4":"has-post-thumbnail","6":"relation-pomme-verte-co-de","7":"product_cat-apfelwein","8":"product_cat-gruner-apfel","9":"product_tag-6pack-de","10":"product_tag-aufgelistet","12":"first","13":"instock","14":"shipping-taxable","15":"purchasable","16":"product-type-simple","17":"entry","18":"content-bg","19":"loop-entry"},"acf":[],"taxonomy_info":{"relation":[{"value":83,"label":"Pomme Verte &amp; Co."}],"product_cat":[{"value":63,"label":"Apfelwein"},{"value":64,"label":"Gr\u00fcner Apfel"}],"product_tag":[{"value":65,"label":"6pack"},{"value":66,"label":"aufgelistet"}]},"featured_image_src_large":["https:\/\/shop.marmotte.ch\/wp-content\/uploads\/Pomme-verte-cidre-maitre-ane.webp",1016,1016,false],"author_info":[],"comment_info":"","_links":{"self":[{"href":"https:\/\/shop.marmotte.ch\/de\/wp-json\/wp\/v2\/product\/795","targetHints":{"allow":["GET"]}}],"collection":[{"href":"https:\/\/shop.marmotte.ch\/de\/wp-json\/wp\/v2\/product"}],"about":[{"href":"https:\/\/shop.marmotte.ch\/de\/wp-json\/wp\/v2\/types\/product"}],"wp:featuredmedia":[{"embeddable":true,"href":"https:\/\/shop.marmotte.ch\/de\/wp-json\/wp\/v2\/media\/703"}],"wp:attachment":[{"href":"https:\/\/shop.marmotte.ch\/de\/wp-json\/wp\/v2\/media?parent=795"}],"wp:term":[{"taxonomy":"relation","embeddable":true,"href":"https:\/\/shop.marmotte.ch\/de\/wp-json\/wp\/v2\/relation?post=795"},{"taxonomy":"product_brand","embeddable":true,"href":"https:\/\/shop.marmotte.ch\/de\/wp-json\/wp\/v2\/product_brand?post=795"},{"taxonomy":"product_cat","embeddable":true,"href":"https:\/\/shop.marmotte.ch\/de\/wp-json\/wp\/v2\/product_cat?post=795"},{"taxonomy":"product_tag","embeddable":true,"href":"https:\/\/shop.marmotte.ch\/de\/wp-json\/wp\/v2\/product_tag?post=795"}],"curies":[{"name":"wp","href":"https:\/\/api.w.org\/{rel}","templated":true}]}}