{"id":796,"date":"2023-08-05T01:22:31","date_gmt":"2023-08-05T01:22:31","guid":{"rendered":"https:\/\/shop.marmotte.ch\/shop\/loeoeli-weizenbock-6er-packung\/"},"modified":"2023-08-05T01:22:31","modified_gmt":"2023-08-05T01:22:31","slug":"looli-weizenbock-paket-von-6","status":"publish","type":"product","link":"https:\/\/shop.marmotte.ch\/de\/shop\/looli-weizenbock-paket-von-6\/","title":{"rendered":"L\u00f6\u00f6li Weizenbock &#8211; 6er Packung"},"content":{"rendered":"<p>Die Aromen eines Wei\u00dfbiers. \u00dcberraschend, etwas anders dank einer raffinierten Brauweise mit zus\u00e4tzlichen Malzsorten und Hopfen.<br \/>\nTraditionelles Bier mit starken Wei\u00dfbiernoten<\/p>\n","protected":false},"excerpt":{"rendered":"<p>Die Aromen eines Wei\u00dfbiers. \u00dcberraschend, etwas anders dank einer raffinierten Brauweise mit zus\u00e4tzlichen Malzsorten und Hopfen. Traditionelles Bier mit starken Wei\u00dfbiernoten<\/p>\n","protected":false},"featured_media":692,"template":"","meta":{"_acf_changed":false,"_kad_blocks_custom_css":"","_kad_blocks_head_custom_js":"","_kad_blocks_body_custom_js":"","_kad_blocks_footer_custom_js":"","_kad_post_transparent":"","_kad_post_title":"","_kad_post_layout":"","_kad_post_sidebar_id":"","_kad_post_content_style":"","_kad_post_vertical_padding":"","_kad_post_feature":"","_kad_post_feature_position":"","_kad_post_header":false,"_kad_post_footer":false},"relation":[75],"product_brand":[],"product_cat":[62,67],"product_tag":[65,66],"class_list":{"0":"post-796","1":"product","2":"type-product","3":"status-publish","4":"has-post-thumbnail","6":"relation-loeoeli-de","7":"product_cat-beerpack-de","8":"product_cat-looli-de","9":"product_tag-6pack-de","10":"product_tag-aufgelistet","12":"first","13":"instock","14":"shipping-taxable","15":"purchasable","16":"product-type-simple","17":"entry","18":"content-bg","19":"loop-entry"},"acf":[],"taxonomy_info":{"relation":[{"value":75,"label":"L\u00f6\u00f6li"}],"product_cat":[{"value":62,"label":"BeerPack"},{"value":67,"label":"l\u00f6\u00f6li"}],"product_tag":[{"value":65,"label":"6pack"},{"value":66,"label":"aufgelistet"}]},"featured_image_src_large":["https:\/\/shop.marmotte.ch\/wp-content\/uploads\/Looli_4.webp",1016,1016,false],"author_info":[],"comment_info":"","_links":{"self":[{"href":"https:\/\/shop.marmotte.ch\/de\/wp-json\/wp\/v2\/product\/796","targetHints":{"allow":["GET"]}}],"collection":[{"href":"https:\/\/shop.marmotte.ch\/de\/wp-json\/wp\/v2\/product"}],"about":[{"href":"https:\/\/shop.marmotte.ch\/de\/wp-json\/wp\/v2\/types\/product"}],"wp:featuredmedia":[{"embeddable":true,"href":"https:\/\/shop.marmotte.ch\/de\/wp-json\/wp\/v2\/media\/692"}],"wp:attachment":[{"href":"https:\/\/shop.marmotte.ch\/de\/wp-json\/wp\/v2\/media?parent=796"}],"wp:term":[{"taxonomy":"relation","embeddable":true,"href":"https:\/\/shop.marmotte.ch\/de\/wp-json\/wp\/v2\/relation?post=796"},{"taxonomy":"product_brand","embeddable":true,"href":"https:\/\/shop.marmotte.ch\/de\/wp-json\/wp\/v2\/product_brand?post=796"},{"taxonomy":"product_cat","embeddable":true,"href":"https:\/\/shop.marmotte.ch\/de\/wp-json\/wp\/v2\/product_cat?post=796"},{"taxonomy":"product_tag","embeddable":true,"href":"https:\/\/shop.marmotte.ch\/de\/wp-json\/wp\/v2\/product_tag?post=796"}],"curies":[{"name":"wp","href":"https:\/\/api.w.org\/{rel}","templated":true}]}}