{"id":800,"date":"2023-08-05T05:10:44","date_gmt":"2023-08-05T05:10:44","guid":{"rendered":"https:\/\/shop.marmotte.ch\/shop\/der-kaffee-hallo\/"},"modified":"2023-08-05T05:10:44","modified_gmt":"2023-08-05T05:10:44","slug":"le-cafe-bonjour","status":"publish","type":"product","link":"https:\/\/shop.marmotte.ch\/de\/shop\/le-cafe-bonjour\/","title":{"rendered":"DER KAFFEE HALLO"},"content":{"rendered":"<p>Ideal f\u00fcr den ganzen Tag<br \/>\nCremig, s\u00fc\u00df, schokoladig und vollmundig,<br \/>\nBrasil Arabica, Sumatra Mandheling Arabica, Colombia Arabica, India Malabar Arabica, \u00c4thiopien Sidamo Arabica, India Robusta<\/p>\n","protected":false},"excerpt":{"rendered":"<p>Ideal f\u00fcr den ganzen Tag Cremig, s\u00fc\u00df, schokoladig und vollmundig, Brasil Arabica, Sumatra Mandheling Arabica, Colombia Arabica, India Malabar Arabica, \u00c4thiopien Sidamo Arabica, India Robusta<\/p>\n","protected":false},"featured_media":726,"template":"","meta":{"_acf_changed":false,"_kad_blocks_custom_css":"","_kad_blocks_head_custom_js":"","_kad_blocks_body_custom_js":"","_kad_blocks_footer_custom_js":"","_kad_post_transparent":"","_kad_post_title":"","_kad_post_layout":"","_kad_post_sidebar_id":"","_kad_post_content_style":"","_kad_post_vertical_padding":"","_kad_post_feature":"","_kad_post_feature_position":"","_kad_post_header":false,"_kad_post_footer":false},"relation":[77],"product_brand":[],"product_cat":[72],"product_tag":[66,73],"class_list":{"0":"post-800","1":"product","2":"type-product","3":"status-publish","4":"has-post-thumbnail","6":"relation-cafe-choucas-de","7":"product_cat-cafe-choucas-de","8":"product_tag-aufgelistet","9":"product_tag-cafe-choucas-de","11":"first","12":"instock","13":"shipping-taxable","14":"purchasable","15":"product-type-variable","16":"has-default-attributes","17":"entry","18":"content-bg","19":"loop-entry"},"acf":[],"taxonomy_info":{"relation":[{"value":77,"label":"Caf\u00e9 Choucas"}],"product_cat":[{"value":72,"label":"Caf\u00e9 Choucas"}],"product_tag":[{"value":66,"label":"aufgelistet"},{"value":73,"label":"Caf\u00e9 Choucas"}]},"featured_image_src_large":["https:\/\/shop.marmotte.ch\/wp-content\/uploads\/LE-CAFE-BONJOUR.png",250,300,false],"author_info":[],"comment_info":"","_links":{"self":[{"href":"https:\/\/shop.marmotte.ch\/de\/wp-json\/wp\/v2\/product\/800","targetHints":{"allow":["GET"]}}],"collection":[{"href":"https:\/\/shop.marmotte.ch\/de\/wp-json\/wp\/v2\/product"}],"about":[{"href":"https:\/\/shop.marmotte.ch\/de\/wp-json\/wp\/v2\/types\/product"}],"wp:featuredmedia":[{"embeddable":true,"href":"https:\/\/shop.marmotte.ch\/de\/wp-json\/wp\/v2\/media\/726"}],"wp:attachment":[{"href":"https:\/\/shop.marmotte.ch\/de\/wp-json\/wp\/v2\/media?parent=800"}],"wp:term":[{"taxonomy":"relation","embeddable":true,"href":"https:\/\/shop.marmotte.ch\/de\/wp-json\/wp\/v2\/relation?post=800"},{"taxonomy":"product_brand","embeddable":true,"href":"https:\/\/shop.marmotte.ch\/de\/wp-json\/wp\/v2\/product_brand?post=800"},{"taxonomy":"product_cat","embeddable":true,"href":"https:\/\/shop.marmotte.ch\/de\/wp-json\/wp\/v2\/product_cat?post=800"},{"taxonomy":"product_tag","embeddable":true,"href":"https:\/\/shop.marmotte.ch\/de\/wp-json\/wp\/v2\/product_tag?post=800"}],"curies":[{"name":"wp","href":"https:\/\/api.w.org\/{rel}","templated":true}]}}