{"id":825,"date":"2023-08-08T08:00:40","date_gmt":"2023-08-08T08:00:40","guid":{"rendered":"https:\/\/shop.marmotte.ch\/shop\/la-coquine-6er-packung\/"},"modified":"2023-08-15T19:05:51","modified_gmt":"2023-08-15T19:05:51","slug":"la-coquine-paquet-de-6","status":"publish","type":"product","link":"https:\/\/shop.marmotte.ch\/de\/shop\/la-coquine-paquet-de-6\/","title":{"rendered":"LA COQUINE &#8211; 6er Packung"},"content":{"rendered":"<p>Unser Coquine ist ein mildes Bier mit Blonde als Basis, dem w\u00e4hrend der G\u00e4rung frische Minze sowie Melisse hinzugef\u00fcgt wird. Diese ganz frischen Aromen sind in der Nase und im Mund sp\u00fcrbar.<br \/>\nHopfen: PERLE, TETTNANGER<\/p>\n","protected":false},"excerpt":{"rendered":"<p>Unser Coquine ist ein mildes Bier mit Blonde als Basis, dem w\u00e4hrend der G\u00e4rung frische Minze sowie Melisse hinzugef\u00fcgt wird. Diese ganz frischen Aromen sind in der Nase und im Mund sp\u00fcrbar. Hopfen: PERLE, TETTNANGER<\/p>\n","protected":false},"featured_media":698,"template":"","meta":{"_acf_changed":false,"_kad_blocks_custom_css":"","_kad_blocks_head_custom_js":"","_kad_blocks_body_custom_js":"","_kad_blocks_footer_custom_js":"","_kad_post_transparent":"","_kad_post_title":"","_kad_post_layout":"","_kad_post_sidebar_id":"","_kad_post_content_style":"","_kad_post_vertical_padding":"","_kad_post_feature":"","_kad_post_feature_position":"","_kad_post_header":false,"_kad_post_footer":false},"relation":[76],"product_brand":[],"product_cat":[62,61],"product_tag":[65,66],"class_list":{"0":"post-825","1":"product","2":"type-product","3":"status-publish","4":"has-post-thumbnail","6":"relation-la-marmotte-de","7":"product_cat-beerpack-de","8":"product_cat-das-murmeltier","9":"product_tag-6pack-de","10":"product_tag-aufgelistet","12":"first","13":"instock","14":"shipping-taxable","15":"purchasable","16":"product-type-simple","17":"entry","18":"content-bg","19":"loop-entry"},"acf":[],"taxonomy_info":{"relation":[{"value":76,"label":"La Marmotte"}],"product_cat":[{"value":62,"label":"BeerPack"},{"value":61,"label":"Das Murmeltier"}],"product_tag":[{"value":65,"label":"6pack"},{"value":66,"label":"aufgelistet"}]},"featured_image_src_large":["https:\/\/shop.marmotte.ch\/wp-content\/uploads\/Marmotte_LaCoquine.webp",1016,1016,false],"author_info":[],"comment_info":"","_links":{"self":[{"href":"https:\/\/shop.marmotte.ch\/de\/wp-json\/wp\/v2\/product\/825","targetHints":{"allow":["GET"]}}],"collection":[{"href":"https:\/\/shop.marmotte.ch\/de\/wp-json\/wp\/v2\/product"}],"about":[{"href":"https:\/\/shop.marmotte.ch\/de\/wp-json\/wp\/v2\/types\/product"}],"wp:featuredmedia":[{"embeddable":true,"href":"https:\/\/shop.marmotte.ch\/de\/wp-json\/wp\/v2\/media\/698"}],"wp:attachment":[{"href":"https:\/\/shop.marmotte.ch\/de\/wp-json\/wp\/v2\/media?parent=825"}],"wp:term":[{"taxonomy":"relation","embeddable":true,"href":"https:\/\/shop.marmotte.ch\/de\/wp-json\/wp\/v2\/relation?post=825"},{"taxonomy":"product_brand","embeddable":true,"href":"https:\/\/shop.marmotte.ch\/de\/wp-json\/wp\/v2\/product_brand?post=825"},{"taxonomy":"product_cat","embeddable":true,"href":"https:\/\/shop.marmotte.ch\/de\/wp-json\/wp\/v2\/product_cat?post=825"},{"taxonomy":"product_tag","embeddable":true,"href":"https:\/\/shop.marmotte.ch\/de\/wp-json\/wp\/v2\/product_tag?post=825"}],"curies":[{"name":"wp","href":"https:\/\/api.w.org\/{rel}","templated":true}]}}