{"id":831,"date":"2023-08-08T17:08:28","date_gmt":"2023-08-08T17:08:28","guid":{"rendered":"https:\/\/shop.marmotte.ch\/shop\/6-personalisiertes-pack-loeoeli\/"},"modified":"2023-08-15T19:02:03","modified_gmt":"2023-08-15T19:02:03","slug":"6-pack-personalise-looli","status":"publish","type":"product","link":"https:\/\/shop.marmotte.ch\/de\/shop\/6-pack-personalise-looli\/","title":{"rendered":"Personalisiertes 6 Pack &#8211; L\u00f6\u00f6li"},"content":{"rendered":"<p>Stelle dir deinen eigenen L\u00f6\u00f6li-Biersechserkarton zusammen, indem du bis zu sechs verschiedene L\u00f6\u00f6li ausw\u00e4hlst.<\/p>\n","protected":false},"excerpt":{"rendered":"<p>Stelle dir deinen eigenen 6-Pack zusammen, indem du bis zu 6 verschiedene La Marmotte-Biere ausw\u00e4hlst.<\/p>\n","protected":false},"featured_media":760,"template":"","meta":{"_acf_changed":false,"_kad_blocks_custom_css":"","_kad_blocks_head_custom_js":"","_kad_blocks_body_custom_js":"","_kad_blocks_footer_custom_js":"","_kad_post_transparent":"default","_kad_post_title":"","_kad_post_layout":"default","_kad_post_sidebar_id":"","_kad_post_content_style":"default","_kad_post_vertical_padding":"default","_kad_post_feature":"","_kad_post_feature_position":"","_kad_post_header":false,"_kad_post_footer":false},"relation":[75],"product_brand":[],"product_cat":[62,67],"product_tag":[66],"class_list":{"0":"post-831","1":"product","2":"type-product","3":"status-publish","4":"has-post-thumbnail","6":"relation-loeoeli-de","7":"product_cat-beerpack-de","8":"product_cat-looli-de","9":"product_tag-aufgelistet","11":"first","12":"instock","13":"shipping-taxable","14":"purchasable","15":"product-type-box_product","16":"entry","17":"content-bg","18":"loop-entry"},"acf":[],"taxonomy_info":{"relation":[{"value":75,"label":"L\u00f6\u00f6li"}],"product_cat":[{"value":62,"label":"BeerPack"},{"value":67,"label":"l\u00f6\u00f6li"}],"product_tag":[{"value":66,"label":"aufgelistet"}]},"featured_image_src_large":["https:\/\/shop.marmotte.ch\/wp-content\/uploads\/BRUGG_LOOLI-1-scaled-e1691517272628.webp",1369,1189,false],"author_info":[],"comment_info":"","_links":{"self":[{"href":"https:\/\/shop.marmotte.ch\/de\/wp-json\/wp\/v2\/product\/831","targetHints":{"allow":["GET"]}}],"collection":[{"href":"https:\/\/shop.marmotte.ch\/de\/wp-json\/wp\/v2\/product"}],"about":[{"href":"https:\/\/shop.marmotte.ch\/de\/wp-json\/wp\/v2\/types\/product"}],"wp:featuredmedia":[{"embeddable":true,"href":"https:\/\/shop.marmotte.ch\/de\/wp-json\/wp\/v2\/media\/760"}],"wp:attachment":[{"href":"https:\/\/shop.marmotte.ch\/de\/wp-json\/wp\/v2\/media?parent=831"}],"wp:term":[{"taxonomy":"relation","embeddable":true,"href":"https:\/\/shop.marmotte.ch\/de\/wp-json\/wp\/v2\/relation?post=831"},{"taxonomy":"product_brand","embeddable":true,"href":"https:\/\/shop.marmotte.ch\/de\/wp-json\/wp\/v2\/product_brand?post=831"},{"taxonomy":"product_cat","embeddable":true,"href":"https:\/\/shop.marmotte.ch\/de\/wp-json\/wp\/v2\/product_cat?post=831"},{"taxonomy":"product_tag","embeddable":true,"href":"https:\/\/shop.marmotte.ch\/de\/wp-json\/wp\/v2\/product_tag?post=831"}],"curies":[{"name":"wp","href":"https:\/\/api.w.org\/{rel}","templated":true}]}}