{"id":832,"date":"2023-08-08T10:17:26","date_gmt":"2023-08-08T10:17:26","guid":{"rendered":"https:\/\/shop.marmotte.ch\/shop\/labrunette-6er-packung\/"},"modified":"2023-08-15T19:08:39","modified_gmt":"2023-08-15T19:08:39","slug":"labrunette-paquet-de-6","status":"publish","type":"product","link":"https:\/\/shop.marmotte.ch\/de\/shop\/labrunette-paquet-de-6\/","title":{"rendered":"LA:BRUNETTE &#8211; 6er Packung"},"content":{"rendered":"<p>Unser Brunette ist ein Bier mit einem kr\u00e4ftigen R\u00f6stmalzaroma und einer leichten S\u00fc\u00dfe im Abgang. Die dunkle Farbe mit einer Kakao- und Kaffeenote, die man in der Nase sp\u00fcrt, wird durch die Mischung von Karamellmalz und verschiedenen ger\u00f6steten Malzsorten erreicht.<br \/>\nHopfen: PERLE, TETTNANGER<\/p>\n","protected":false},"excerpt":{"rendered":"<p>Unser Brunette ist ein Bier mit einem kr\u00e4ftigen R\u00f6stmalzaroma und einer leichten S\u00fc\u00dfe im Abgang. Die dunkle Farbe mit einer Kakao- und Kaffeenote, die man in der Nase sp\u00fcrt, wird durch die Mischung von Karamellmalz und verschiedenen ger\u00f6steten Malzsorten erreicht. Hopfen: PERLE, TETTNANGER<\/p>\n","protected":false},"featured_media":697,"template":"","meta":{"_acf_changed":false,"_kad_blocks_custom_css":"","_kad_blocks_head_custom_js":"","_kad_blocks_body_custom_js":"","_kad_blocks_footer_custom_js":"","_kad_post_transparent":"","_kad_post_title":"","_kad_post_layout":"","_kad_post_sidebar_id":"","_kad_post_content_style":"","_kad_post_vertical_padding":"","_kad_post_feature":"","_kad_post_feature_position":"","_kad_post_header":false,"_kad_post_footer":false},"relation":[76],"product_brand":[],"product_cat":[62,61],"product_tag":[65,66],"class_list":{"0":"post-832","1":"product","2":"type-product","3":"status-publish","4":"has-post-thumbnail","6":"relation-la-marmotte-de","7":"product_cat-beerpack-de","8":"product_cat-das-murmeltier","9":"product_tag-6pack-de","10":"product_tag-aufgelistet","12":"first","13":"instock","14":"shipping-taxable","15":"purchasable","16":"product-type-simple","17":"entry","18":"content-bg","19":"loop-entry"},"acf":[],"taxonomy_info":{"relation":[{"value":76,"label":"La Marmotte"}],"product_cat":[{"value":62,"label":"BeerPack"},{"value":61,"label":"Das Murmeltier"}],"product_tag":[{"value":65,"label":"6pack"},{"value":66,"label":"aufgelistet"}]},"featured_image_src_large":["https:\/\/shop.marmotte.ch\/wp-content\/uploads\/Marmotte_LaBrunette.webp",1016,1016,false],"author_info":[],"comment_info":"","_links":{"self":[{"href":"https:\/\/shop.marmotte.ch\/de\/wp-json\/wp\/v2\/product\/832","targetHints":{"allow":["GET"]}}],"collection":[{"href":"https:\/\/shop.marmotte.ch\/de\/wp-json\/wp\/v2\/product"}],"about":[{"href":"https:\/\/shop.marmotte.ch\/de\/wp-json\/wp\/v2\/types\/product"}],"wp:featuredmedia":[{"embeddable":true,"href":"https:\/\/shop.marmotte.ch\/de\/wp-json\/wp\/v2\/media\/697"}],"wp:attachment":[{"href":"https:\/\/shop.marmotte.ch\/de\/wp-json\/wp\/v2\/media?parent=832"}],"wp:term":[{"taxonomy":"relation","embeddable":true,"href":"https:\/\/shop.marmotte.ch\/de\/wp-json\/wp\/v2\/relation?post=832"},{"taxonomy":"product_brand","embeddable":true,"href":"https:\/\/shop.marmotte.ch\/de\/wp-json\/wp\/v2\/product_brand?post=832"},{"taxonomy":"product_cat","embeddable":true,"href":"https:\/\/shop.marmotte.ch\/de\/wp-json\/wp\/v2\/product_cat?post=832"},{"taxonomy":"product_tag","embeddable":true,"href":"https:\/\/shop.marmotte.ch\/de\/wp-json\/wp\/v2\/product_tag?post=832"}],"curies":[{"name":"wp","href":"https:\/\/api.w.org\/{rel}","templated":true}]}}