{"id":836,"date":"2023-08-08T17:35:13","date_gmt":"2023-08-08T17:35:13","guid":{"rendered":"https:\/\/shop.marmotte.ch\/shop\/loeoeli-amber\/"},"modified":"2023-08-15T18:48:45","modified_gmt":"2023-08-15T18:48:45","slug":"looli-amber","status":"publish","type":"product","link":"https:\/\/shop.marmotte.ch\/de\/shop\/looli-amber\/","title":{"rendered":"L\u00f6\u00f6li Amber"},"content":{"rendered":"<p class=\"product_title entry-title\">Unser Schweizer Bier mit Schweizer Malz, Hopfen und Wasser. Die Hefe stammt von einem Schweizer Hefestamm.<br \/>\nKr\u00e4ftiger, fesselnder Ambre<\/p>\n","protected":false},"excerpt":{"rendered":"<p>Unser Schweizer Bier mit Schweizer Malz, Hopfen und Wasser. Die Hefe stammt von einem Schweizer Hefestamm. Kr\u00e4ftiger, fesselnder Ambre<\/p>\n","protected":false},"featured_media":691,"template":"","meta":{"_acf_changed":false,"_kad_blocks_custom_css":"","_kad_blocks_head_custom_js":"","_kad_blocks_body_custom_js":"","_kad_blocks_footer_custom_js":"","_kad_post_transparent":"","_kad_post_title":"","_kad_post_layout":"","_kad_post_sidebar_id":"","_kad_post_content_style":"","_kad_post_vertical_padding":"","_kad_post_feature":"","_kad_post_feature_position":"","_kad_post_header":false,"_kad_post_footer":false},"relation":[75],"product_brand":[],"product_cat":[67],"product_tag":[],"class_list":{"0":"post-836","1":"product","2":"type-product","3":"status-publish","4":"has-post-thumbnail","6":"relation-loeoeli-de","7":"product_cat-looli-de","9":"first","10":"instock","11":"shipping-taxable","12":"purchasable","13":"product-type-simple","14":"entry","15":"content-bg","16":"loop-entry"},"acf":[],"taxonomy_info":{"relation":[{"value":75,"label":"L\u00f6\u00f6li"}],"product_cat":[{"value":67,"label":"l\u00f6\u00f6li"}]},"featured_image_src_large":["https:\/\/shop.marmotte.ch\/wp-content\/uploads\/Looli_3.webp",1016,1016,false],"author_info":[],"comment_info":"","_links":{"self":[{"href":"https:\/\/shop.marmotte.ch\/de\/wp-json\/wp\/v2\/product\/836","targetHints":{"allow":["GET"]}}],"collection":[{"href":"https:\/\/shop.marmotte.ch\/de\/wp-json\/wp\/v2\/product"}],"about":[{"href":"https:\/\/shop.marmotte.ch\/de\/wp-json\/wp\/v2\/types\/product"}],"wp:featuredmedia":[{"embeddable":true,"href":"https:\/\/shop.marmotte.ch\/de\/wp-json\/wp\/v2\/media\/691"}],"wp:attachment":[{"href":"https:\/\/shop.marmotte.ch\/de\/wp-json\/wp\/v2\/media?parent=836"}],"wp:term":[{"taxonomy":"relation","embeddable":true,"href":"https:\/\/shop.marmotte.ch\/de\/wp-json\/wp\/v2\/relation?post=836"},{"taxonomy":"product_brand","embeddable":true,"href":"https:\/\/shop.marmotte.ch\/de\/wp-json\/wp\/v2\/product_brand?post=836"},{"taxonomy":"product_cat","embeddable":true,"href":"https:\/\/shop.marmotte.ch\/de\/wp-json\/wp\/v2\/product_cat?post=836"},{"taxonomy":"product_tag","embeddable":true,"href":"https:\/\/shop.marmotte.ch\/de\/wp-json\/wp\/v2\/product_tag?post=836"}],"curies":[{"name":"wp","href":"https:\/\/api.w.org\/{rel}","templated":true}]}}