{"id":838,"date":"2023-08-05T05:10:04","date_gmt":"2023-08-05T05:10:04","guid":{"rendered":"https:\/\/shop.marmotte.ch\/shop\/cafe-kafee\/"},"modified":"2023-08-05T05:10:04","modified_gmt":"2023-08-05T05:10:04","slug":"cafe-kafee","status":"publish","type":"product","link":"https:\/\/shop.marmotte.ch\/de\/shop\/cafe-kafee\/","title":{"rendered":"CAF\u00c9 KA&#8217;FEE"},"content":{"rendered":"<p>Reich &#8211; 100% S\u00fcdamerika<br \/>\nEr ist schmackhaft, sehr reich, ein langer Nachgeschmack<br \/>\nColombia Supremo Arabica und Brasil Arabica<\/p>\n","protected":false},"excerpt":{"rendered":"<p>Reich &#8211; 100% S\u00fcdamerika Er ist schmackhaft, sehr reich, ein langer Nachgeschmack Colombia Supremo Arabica und Brasil Arabica<\/p>\n","protected":false},"featured_media":724,"template":"","meta":{"_acf_changed":false,"_kad_blocks_custom_css":"","_kad_blocks_head_custom_js":"","_kad_blocks_body_custom_js":"","_kad_blocks_footer_custom_js":"","_kad_post_transparent":"","_kad_post_title":"","_kad_post_layout":"","_kad_post_sidebar_id":"","_kad_post_content_style":"","_kad_post_vertical_padding":"","_kad_post_feature":"","_kad_post_feature_position":"","_kad_post_header":false,"_kad_post_footer":false},"relation":[77],"product_brand":[],"product_cat":[72],"product_tag":[66,73],"class_list":{"0":"post-838","1":"product","2":"type-product","3":"status-publish","4":"has-post-thumbnail","6":"relation-cafe-choucas-de","7":"product_cat-cafe-choucas-de","8":"product_tag-aufgelistet","9":"product_tag-cafe-choucas-de","11":"first","12":"instock","13":"shipping-taxable","14":"purchasable","15":"product-type-variable","16":"has-default-attributes","17":"entry","18":"content-bg","19":"loop-entry"},"acf":[],"taxonomy_info":{"relation":[{"value":77,"label":"Caf\u00e9 Choucas"}],"product_cat":[{"value":72,"label":"Caf\u00e9 Choucas"}],"product_tag":[{"value":66,"label":"aufgelistet"},{"value":73,"label":"Caf\u00e9 Choucas"}]},"featured_image_src_large":["https:\/\/shop.marmotte.ch\/wp-content\/uploads\/CAFE-KAFEE.png",253,300,false],"author_info":[],"comment_info":"","_links":{"self":[{"href":"https:\/\/shop.marmotte.ch\/de\/wp-json\/wp\/v2\/product\/838","targetHints":{"allow":["GET"]}}],"collection":[{"href":"https:\/\/shop.marmotte.ch\/de\/wp-json\/wp\/v2\/product"}],"about":[{"href":"https:\/\/shop.marmotte.ch\/de\/wp-json\/wp\/v2\/types\/product"}],"wp:featuredmedia":[{"embeddable":true,"href":"https:\/\/shop.marmotte.ch\/de\/wp-json\/wp\/v2\/media\/724"}],"wp:attachment":[{"href":"https:\/\/shop.marmotte.ch\/de\/wp-json\/wp\/v2\/media?parent=838"}],"wp:term":[{"taxonomy":"relation","embeddable":true,"href":"https:\/\/shop.marmotte.ch\/de\/wp-json\/wp\/v2\/relation?post=838"},{"taxonomy":"product_brand","embeddable":true,"href":"https:\/\/shop.marmotte.ch\/de\/wp-json\/wp\/v2\/product_brand?post=838"},{"taxonomy":"product_cat","embeddable":true,"href":"https:\/\/shop.marmotte.ch\/de\/wp-json\/wp\/v2\/product_cat?post=838"},{"taxonomy":"product_tag","embeddable":true,"href":"https:\/\/shop.marmotte.ch\/de\/wp-json\/wp\/v2\/product_tag?post=838"}],"curies":[{"name":"wp","href":"https:\/\/api.w.org\/{rel}","templated":true}]}}